{"id":196,"date":"2020-10-09T20:50:37","date_gmt":"2020-10-09T20:50:37","guid":{"rendered":"https:\/\/keepets.com.br\/?page_id=196"},"modified":"2021-06-29T00:58:05","modified_gmt":"2021-06-29T00:58:05","slug":"contato","status":"publish","type":"page","link":"https:\/\/keepets.com.br\/en\/contato\/","title":{"rendered":"Contact"},"content":{"rendered":"<p>[et_pb_section fb_built=&#8221;1&#8243; custom_padding_last_edited=&#8221;on|phone&#8221; prev_background_color=&#8221;#ffffff&#8221; admin_label=&#8221;Hero&#8221; _builder_version=&#8221;4.7.7&#8243; use_background_color_gradient=&#8221;on&#8221; background_color_gradient_start=&#8221;rgba(230,189,53,0.7)&#8221; background_color_gradient_end=&#8221;rgba(0,0,0,0)&#8221; background_image=&#8221;https:\/\/keepets.com.br\/wp-content\/uploads\/2020\/12\/KeePets-1920x1080px33.jpg&#8221; parallax=&#8221;on&#8221; custom_margin=&#8221;|||&#8221; custom_margin_tablet=&#8221;&#8221; custom_margin_phone=&#8221;&#8221; custom_margin_last_edited=&#8221;on|desktop&#8221; custom_padding=&#8221;12%||12%||true|false&#8221; custom_padding_tablet=&#8221;&#8221; custom_padding_phone=&#8221;&#8221; top_divider_style=&#8221;waves2&#8243; top_divider_height=&#8221;3vw&#8221; top_divider_repeat=&#8221;0x&#8221; top_divider_flip=&#8221;vertical|horizontal&#8221; bottom_divider_color=&#8221;#ffffff&#8221; bottom_divider_height=&#8221;150px&#8221; bottom_divider_repeat=&#8221;0x&#8221; bottom_divider_flip=&#8221;vertical&#8221; animation_style=&#8221;slide&#8221; animation_direction=&#8221;top&#8221; animation_intensity_slide=&#8221;5%&#8221; animation_starting_opacity=&#8221;100%&#8221;][et_pb_row column_structure=&#8221;3_4,1_4&#8243; _builder_version=&#8221;3.25&#8243; background_size=&#8221;initial&#8221; background_position=&#8221;top_left&#8221; background_repeat=&#8221;repeat&#8221; custom_padding=&#8221;27px|0px|0px|0px&#8221;][et_pb_column type=&#8221;3_4&#8243; _builder_version=&#8221;3.25&#8243; custom_padding=&#8221;|||&#8221; custom_padding__hover=&#8221;|||&#8221;][et_pb_text admin_label=&#8221;Title&#8221; _builder_version=&#8221;4.7.7&#8243; text_font=&#8221;||||||||&#8221; header_font=&#8221;Montserrat|900|||||||&#8221; header_text_color=&#8221;#2d2e83&#8243; header_font_size=&#8221;89px&#8221; header_line_height=&#8221;1.2em&#8221; background_layout=&#8221;dark&#8221; animation_style=&#8221;zoom&#8221; animation_direction=&#8221;left&#8221; animation_intensity_zoom=&#8221;10%&#8221; header_font_size_tablet=&#8221;&#8221; header_font_size_phone=&#8221;72px&#8221; header_font_size_last_edited=&#8221;on|phone&#8221; header_text_shadow_style=&#8221;preset4&#8243; header_text_shadow_horizontal_length=&#8221;0.04em&#8221; header_text_shadow_vertical_length=&#8221;0.04em&#8221; header_text_shadow_color=&#8221;#00a19a&#8221;]<\/p>\n<h1>Fale com a KeePets<\/h1>\n<p>[\/et_pb_text][\/et_pb_column][et_pb_column type=&#8221;1_4&#8243; _builder_version=&#8221;3.25&#8243; custom_padding=&#8221;|||&#8221; custom_padding__hover=&#8221;|||&#8221;][\/et_pb_column][\/et_pb_row][\/et_pb_section][et_pb_section fb_built=&#8221;1&#8243; admin_label=&#8221;Header&#8221; _builder_version=&#8221;4.7.7&#8243; background_color=&#8221;#efebdc&#8221; background_enable_image=&#8221;off&#8221; parallax=&#8221;on&#8221; overflow-x=&#8221;hidden&#8221; overflow-y=&#8221;hidden&#8221; custom_padding=&#8221;||120px|||&#8221; background_last_edited=&#8221;off|desktop&#8221; parallax_tablet=&#8221;off&#8221;][et_pb_row column_structure=&#8221;1_2,1_2&#8243; _builder_version=&#8221;4.7.7&#8243; custom_margin_tablet=&#8221;||-10vw||false|false&#8221; custom_margin_phone=&#8221;&#8221; custom_margin_last_edited=&#8221;on|desktop&#8221;][et_pb_column type=&#8221;1_2&#8243; _builder_version=&#8221;4.7.7&#8243; custom_padding=&#8221;0vw||||false|false&#8221;][et_pb_text _builder_version=&#8221;4.7.7&#8243; text_font=&#8221;||||||||&#8221; text_font_size=&#8221;16px&#8221; text_line_height=&#8221;1.8em&#8221; header_font=&#8221;Amatic SC|700|||||||&#8221; header_font_size=&#8221;130px&#8221; header_line_height=&#8221;1.2em&#8221; text_font_size_tablet=&#8221;&#8221; text_font_size_phone=&#8221;22px&#8221; text_font_size_last_edited=&#8221;on|desktop&#8221; header_font_size_tablet=&#8221;80px&#8221; header_font_size_phone=&#8221;60px&#8221; header_font_size_last_edited=&#8221;on|phone&#8221; background_color_tablet=&#8221;#efebdc&#8221; background_last_edited=&#8221;on|tablet&#8221; background_enable_color_tablet=&#8221;on&#8221;]<\/p>\n<h1>Contact us<\/h1>\n<p>Fill out the form, send a whatsapp or call KeePets. We will be glad to help.\u00a0<\/p>\n<p>[\/et_pb_text][et_pb_text _builder_version=&#8221;4.7.7&#8243; text_font=&#8221;|700|||||||&#8221; text_text_color=&#8221;#2d2e83&#8243; text_font_size=&#8221;28px&#8221; text_line_height=&#8221;1em&#8221; header_font=&#8221;||||||||&#8221; header_3_font=&#8221;|700||on|||||&#8221; header_3_text_color=&#8221;#00a19a&#8221; header_3_font_size=&#8221;14px&#8221; header_3_letter_spacing=&#8221;2px&#8221; header_3_line_height=&#8221;1.8em&#8221;]<\/p>\n<h3>Phone and Whatsapp<\/h3>\n<p>(11) 94858.0681<\/p>\n<p>[\/et_pb_text][et_pb_text _builder_version=&#8221;4.7.7&#8243; text_font=&#8221;|700|||||||&#8221; text_text_color=&#8221;#2d2e83&#8243; text_font_size=&#8221;20px&#8221; text_line_height=&#8221;1em&#8221; header_font=&#8221;||||||||&#8221; header_3_font=&#8221;|700||on|||||&#8221; header_3_text_color=&#8221;#00a19a&#8221; header_3_font_size=&#8221;14px&#8221; header_3_letter_spacing=&#8221;2px&#8221; header_3_line_height=&#8221;1.8em&#8221;]<\/p>\n<h3>Email<\/h3>\n<p>contato@keepets.com.br<\/p>\n<p>[\/et_pb_text][\/et_pb_column][et_pb_column type=&#8221;1_2&#8243; _builder_version=&#8221;3.25.4&#8243;][et_pb_contact_form captcha=&#8221;off&#8221; email=&#8221;contato@keepets.com.br&#8221; custom_message=&#8221;Nome: %%Nome%%||et_pb_line_break_holder||Telefone: %%Telefone%%||et_pb_line_break_holder||Email: %%Email%%||et_pb_line_break_holder||Assunto: %%Assunto%%||et_pb_line_break_holder||Mensagem: %%Mensagem%%&#8221; submit_button_text=&#8221;Enviar&#8221; _builder_version=&#8221;4.9.7&#8243; form_field_background_color=&#8221;#ffffff&#8221; form_field_font_size=&#8221;16px&#8221; form_field_line_height=&#8221;1.8em&#8221; custom_button=&#8221;on&#8221; button_text_size=&#8221;18px&#8221; button_text_color=&#8221;#ffffff&#8221; button_bg_color=&#8221;#00a19a&#8221; button_border_width=&#8221;0px&#8221; button_border_color=&#8221;rgba(0,0,0,0)&#8221; button_border_radius=&#8221;50px&#8221; button_font=&#8221;|700|||||||&#8221; button_icon=&#8221;%%3%%&#8221; button_custom_padding=&#8221;15px|40px|15px|40px|true|true&#8221; max_width=&#8221;700px&#8221; module_alignment=&#8221;center&#8221; custom_margin=&#8221;|924px||||&#8221; border_radii=&#8221;on|15px|15px|15px|15px&#8221;][et_pb_contact_field field_id=&#8221;Nome&#8221; field_title=&#8221;Nome&#8221; _builder_version=&#8221;4.7.4&#8243; button_text_size__hover_enabled=&#8221;off&#8221; button_one_text_size__hover_enabled=&#8221;off&#8221; button_two_text_size__hover_enabled=&#8221;off&#8221; button_text_color__hover_enabled=&#8221;off&#8221; button_one_text_color__hover_enabled=&#8221;off&#8221; button_two_text_color__hover_enabled=&#8221;off&#8221; button_border_width__hover_enabled=&#8221;off&#8221; button_one_border_width__hover_enabled=&#8221;off&#8221; button_two_border_width__hover_enabled=&#8221;off&#8221; button_border_color__hover_enabled=&#8221;off&#8221; button_one_border_color__hover_enabled=&#8221;off&#8221; button_two_border_color__hover_enabled=&#8221;off&#8221; button_border_radius__hover_enabled=&#8221;off&#8221; button_one_border_radius__hover_enabled=&#8221;off&#8221; button_two_border_radius__hover_enabled=&#8221;off&#8221; button_letter_spacing__hover_enabled=&#8221;off&#8221; button_one_letter_spacing__hover_enabled=&#8221;off&#8221; button_two_letter_spacing__hover_enabled=&#8221;off&#8221; button_bg_color__hover_enabled=&#8221;off&#8221; button_one_bg_color__hover_enabled=&#8221;off&#8221; button_two_bg_color__hover_enabled=&#8221;off&#8221;][\/et_pb_contact_field][et_pb_contact_field field_id=&#8221;Telefone&#8221; field_title=&#8221;Telefone&#8221; _builder_version=&#8221;4.7.4&#8243; button_text_size__hover_enabled=&#8221;off&#8221; button_one_text_size__hover_enabled=&#8221;off&#8221; button_two_text_size__hover_enabled=&#8221;off&#8221; button_text_color__hover_enabled=&#8221;off&#8221; button_one_text_color__hover_enabled=&#8221;off&#8221; button_two_text_color__hover_enabled=&#8221;off&#8221; button_border_width__hover_enabled=&#8221;off&#8221; button_one_border_width__hover_enabled=&#8221;off&#8221; button_two_border_width__hover_enabled=&#8221;off&#8221; button_border_color__hover_enabled=&#8221;off&#8221; button_one_border_color__hover_enabled=&#8221;off&#8221; button_two_border_color__hover_enabled=&#8221;off&#8221; button_border_radius__hover_enabled=&#8221;off&#8221; button_one_border_radius__hover_enabled=&#8221;off&#8221; button_two_border_radius__hover_enabled=&#8221;off&#8221; button_letter_spacing__hover_enabled=&#8221;off&#8221; button_one_letter_spacing__hover_enabled=&#8221;off&#8221; button_two_letter_spacing__hover_enabled=&#8221;off&#8221; button_bg_color__hover_enabled=&#8221;off&#8221; button_one_bg_color__hover_enabled=&#8221;off&#8221; button_two_bg_color__hover_enabled=&#8221;off&#8221;][\/et_pb_contact_field][et_pb_contact_field field_id=&#8221;Email&#8221; field_title=&#8221;Email&#8221; field_type=&#8221;email&#8221; _builder_version=&#8221;4.7.4&#8243; button_text_size__hover_enabled=&#8221;off&#8221; button_one_text_size__hover_enabled=&#8221;off&#8221; button_two_text_size__hover_enabled=&#8221;off&#8221; button_text_color__hover_enabled=&#8221;off&#8221; button_one_text_color__hover_enabled=&#8221;off&#8221; button_two_text_color__hover_enabled=&#8221;off&#8221; button_border_width__hover_enabled=&#8221;off&#8221; button_one_border_width__hover_enabled=&#8221;off&#8221; button_two_border_width__hover_enabled=&#8221;off&#8221; button_border_color__hover_enabled=&#8221;off&#8221; button_one_border_color__hover_enabled=&#8221;off&#8221; button_two_border_color__hover_enabled=&#8221;off&#8221; button_border_radius__hover_enabled=&#8221;off&#8221; button_one_border_radius__hover_enabled=&#8221;off&#8221; button_two_border_radius__hover_enabled=&#8221;off&#8221; button_letter_spacing__hover_enabled=&#8221;off&#8221; button_one_letter_spacing__hover_enabled=&#8221;off&#8221; button_two_letter_spacing__hover_enabled=&#8221;off&#8221; button_bg_color__hover_enabled=&#8221;off&#8221; button_one_bg_color__hover_enabled=&#8221;off&#8221; button_two_bg_color__hover_enabled=&#8221;off&#8221;][\/et_pb_contact_field][et_pb_contact_field field_id=&#8221;Assunto&#8221; field_title=&#8221;Assunto&#8221; field_type=&#8221;select&#8221; select_options=&#8221;%91{%22value%22:%22SAC%22,%22checked%22:0,%22dragID%22:-1},{%22value%22:%22D\u00favidas%22,%22checked%22:0,%22dragID%22:0},{%22value%22:%22Sugest\u00f5es%22,%22checked%22:0,%22dragID%22:1},{%22value%22:%22Vamos tomar um caf\u00e9?%22,%22checked%22:0,%22dragID%22:2}%93&#8243; _builder_version=&#8221;4.9.7&#8243; button_text_size__hover_enabled=&#8221;off&#8221; button_one_text_size__hover_enabled=&#8221;off&#8221; button_two_text_size__hover_enabled=&#8221;off&#8221; button_text_color__hover_enabled=&#8221;off&#8221; button_one_text_color__hover_enabled=&#8221;off&#8221; button_two_text_color__hover_enabled=&#8221;off&#8221; button_border_width__hover_enabled=&#8221;off&#8221; button_one_border_width__hover_enabled=&#8221;off&#8221; button_two_border_width__hover_enabled=&#8221;off&#8221; button_border_color__hover_enabled=&#8221;off&#8221; button_one_border_color__hover_enabled=&#8221;off&#8221; button_two_border_color__hover_enabled=&#8221;off&#8221; button_border_radius__hover_enabled=&#8221;off&#8221; button_one_border_radius__hover_enabled=&#8221;off&#8221; button_two_border_radius__hover_enabled=&#8221;off&#8221; button_letter_spacing__hover_enabled=&#8221;off&#8221; button_one_letter_spacing__hover_enabled=&#8221;off&#8221; button_two_letter_spacing__hover_enabled=&#8221;off&#8221; button_bg_color__hover_enabled=&#8221;off&#8221; button_one_bg_color__hover_enabled=&#8221;off&#8221; button_two_bg_color__hover_enabled=&#8221;off&#8221;][\/et_pb_contact_field][et_pb_contact_field field_id=&#8221;Mensagem&#8221; field_title=&#8221;Mensagem&#8221; field_type=&#8221;text&#8221; fullwidth_field=&#8221;on&#8221; _builder_version=&#8221;4.7.4&#8243; button_text_size__hover_enabled=&#8221;off&#8221; button_one_text_size__hover_enabled=&#8221;off&#8221; button_two_text_size__hover_enabled=&#8221;off&#8221; button_text_color__hover_enabled=&#8221;off&#8221; button_one_text_color__hover_enabled=&#8221;off&#8221; button_two_text_color__hover_enabled=&#8221;off&#8221; button_border_width__hover_enabled=&#8221;off&#8221; button_one_border_width__hover_enabled=&#8221;off&#8221; button_two_border_width__hover_enabled=&#8221;off&#8221; button_border_color__hover_enabled=&#8221;off&#8221; button_one_border_color__hover_enabled=&#8221;off&#8221; button_two_border_color__hover_enabled=&#8221;off&#8221; button_border_radius__hover_enabled=&#8221;off&#8221; button_one_border_radius__hover_enabled=&#8221;off&#8221; button_two_border_radius__hover_enabled=&#8221;off&#8221; button_letter_spacing__hover_enabled=&#8221;off&#8221; button_one_letter_spacing__hover_enabled=&#8221;off&#8221; button_two_letter_spacing__hover_enabled=&#8221;off&#8221; button_bg_color__hover_enabled=&#8221;off&#8221; button_one_bg_color__hover_enabled=&#8221;off&#8221; button_two_bg_color__hover_enabled=&#8221;off&#8221;][\/et_pb_contact_field][et_pb_contact_field field_id=&#8221;Termos&#8221; field_title=&#8221;Termo de uso de dados&#8221; field_type=&#8221;checkbox&#8221; checkbox_options=&#8221;%91{%22value%22:%22Eu concordo e aceito que qualquer informa\u00e7\u00e3o pessoal s\u00f3 pode ser processada de acordo com a Pol\u00edtica de Privacidade.%22,%22checked%22:0,%22dragID%22:-1,%22link_url%22:%22https:\/\/keepets.com.br\/privacy-policy\/%22}%93&#8243; fullwidth_field=&#8221;on&#8221; _builder_version=&#8221;4.9.3&#8243; _module_preset=&#8221;default&#8221;][\/et_pb_contact_field][\/et_pb_contact_form][\/et_pb_column][\/et_pb_row][\/et_pb_section][et_pb_section fb_built=&#8221;1&#8243; _builder_version=&#8221;4.7.7&#8243; _module_preset=&#8221;default&#8221; background_color=&#8221;#2d2e83&#8243; custom_padding=&#8221;29px||29px|||&#8221; global_module=&#8221;1996&#8243; saved_tabs=&#8221;all&#8221;][et_pb_row column_structure=&#8221;1_3,1_3,1_3&#8243; _builder_version=&#8221;4.6.6&#8243; _module_preset=&#8221;default&#8221;][et_pb_column type=&#8221;1_3&#8243; _builder_version=&#8221;4.6.6&#8243; _module_preset=&#8221;default&#8221;][et_pb_image src=&#8221;https:\/\/keepets.com.br\/wp-content\/uploads\/2021\/01\/KeePets-Vertical-VerdeBranco-256px.png&#8221; title_text=&#8221;KeePets-Vertical-VerdeBranco-256px&#8221; align=&#8221;center&#8221; _builder_version=&#8221;4.7.7&#8243; _module_preset=&#8221;default&#8221; width=&#8221;40%&#8221; animation_style=&#8221;slide&#8221; animation_direction=&#8221;bottom&#8221;][\/et_pb_image][\/et_pb_column][et_pb_column type=&#8221;1_3&#8243; _builder_version=&#8221;4.6.6&#8243; _module_preset=&#8221;default&#8221;][et_pb_text _builder_version=&#8221;4.7.7&#8243; _module_preset=&#8221;default&#8221; text_text_color=&#8221;#00a19a&#8221; text_font_size=&#8221;16px&#8221; animation_style=&#8221;slide&#8221; animation_direction=&#8221;bottom&#8221; animation_delay=&#8221;250ms&#8221;]<\/p>\n<p class=\"font_9\" style=\"text-align: center;\"><span style=\"color: #00a19a;\"><strong><i class=\"fab fa-whatsapp\"><\/i><span style=\"color: #ffffff;\"> (11) 94858.0681<\/span><\/strong><\/span><br \/> <i class=\"far fa-envelope\"><\/i><span style=\"color: #ffffff;\"> <strong><a href=\"mailto:contato@aurios.com.br\" style=\"color: #ffffff;\">contato@keepets.com.br<\/a><\/strong><\/span><\/p>\n<p>[\/et_pb_text][et_pb_text _builder_version=&#8221;4.9.0&#8243; _module_preset=&#8221;default&#8221; text_text_color=&#8221;#ffffff&#8221; text_font_size=&#8221;12px&#8221; animation_style=&#8221;slide&#8221; animation_direction=&#8221;bottom&#8221; animation_delay=&#8221;500ms&#8221;]<\/p>\n<p class=\"font_9\" style=\"text-align: center;\"><span><span class=\"color_11\">Vit\u00f3ria R\u00e9gia, n\u00ba 333 &#8211; Jd. S\u00e3o Sebasti\u00e3o<br \/> CEP: 13187-143 &#8211; Hortol\u00e2ndia\/SP<\/span><\/span><br \/> <span><span class=\"color_11\">Fone: +55 (11) 94858.0681<\/span><\/span><\/p>\n<p>[\/et_pb_text][\/et_pb_column][et_pb_column type=&#8221;1_3&#8243; _builder_version=&#8221;4.6.6&#8243; _module_preset=&#8221;default&#8221;][et_pb_social_media_follow use_icon_font_size=&#8221;on&#8221; icon_font_size=&#8221;24px&#8221; _builder_version=&#8221;4.9.1&#8243; _module_preset=&#8221;default&#8221; text_orientation=&#8221;center&#8221; animation_style=&#8221;slide&#8221; animation_direction=&#8221;bottom&#8221; animation_delay=&#8221;750ms&#8221;][et_pb_social_media_follow_network social_network=&#8221;instagram&#8221; url=&#8221;http:\/\/www.instagram.com\/&#8221; _builder_version=&#8221;4.7.7&#8243; _module_preset=&#8221;default&#8221; background_color=&#8221;#00a19a&#8221; background_enable_color=&#8221;on&#8221; transform_translate_linked__hover=&#8221;off&#8221; border_radii=&#8221;on|113px|113px|113px|113px&#8221; transform_styles__hover_enabled=&#8221;on|hover&#8221; transform_scale__hover_enabled=&#8221;on|desktop&#8221; transform_translate__hover_enabled=&#8221;on|hover&#8221; transform_rotate__hover_enabled=&#8221;on|desktop&#8221; transform_skew__hover_enabled=&#8221;on|desktop&#8221; transform_origin__hover_enabled=&#8221;on|desktop&#8221; transform_translate__hover=&#8221;0px|-5px&#8221; follow_button=&#8221;off&#8221; url_new_window=&#8221;on&#8221;]instagram[\/et_pb_social_media_follow_network][\/et_pb_social_media_follow][\/et_pb_column][\/et_pb_row][\/et_pb_section]<\/p>","protected":false},"excerpt":{"rendered":"<p>Fale com a KeePetsFale conosco Preencha o formul\u00e1rio, mande um whatsapp ou ligue para a KeePets. Teremos prazer em poder ajudar.\u00a0Telefone e Whatsapp (11) 94858.0681Email contato@keepets.com.br (11) 94858.0681 contato@keepets.com.brVit\u00f3ria R\u00e9gia, n\u00ba 333 &#8211; Jd. S\u00e3o Sebasti\u00e3o CEP: 13187-143 &#8211; Hortol\u00e2ndia\/SP Fone: +55 (11) 94858.0681<\/p>","protected":false},"author":3,"featured_media":0,"parent":0,"menu_order":0,"comment_status":"closed","ping_status":"closed","template":"","meta":{"_et_pb_use_builder":"on","_et_pb_old_content":"","_et_gb_content_width":"","footnotes":""},"class_list":["post-196","page","type-page","status-publish","hentry"],"yoast_head":"<!-- This site is optimized with the Yoast SEO plugin v27.2 - https:\/\/yoast.com\/product\/yoast-seo-wordpress\/ -->\n<title>Contato - Keepets<\/title>\n<meta name=\"robots\" content=\"index, follow, max-snippet:-1, max-image-preview:large, max-video-preview:-1\" \/>\n<link rel=\"canonical\" href=\"https:\/\/keepets.com.br\/en\/contato\/\" \/>\n<meta property=\"og:locale\" content=\"en_US\" \/>\n<meta property=\"og:type\" content=\"article\" \/>\n<meta property=\"og:title\" content=\"Contato - Keepets\" \/>\n<meta property=\"og:description\" content=\"Fale com a KeePetsFale conosco Preencha o formul\u00e1rio, mande um whatsapp ou ligue para a KeePets. Teremos prazer em poder ajudar.\u00a0Telefone e Whatsapp (11) 94858.0681Email contato@keepets.com.br (11) 94858.0681 contato@keepets.com.brVit\u00f3ria R\u00e9gia, n\u00ba 333 - Jd. S\u00e3o Sebasti\u00e3o CEP: 13187-143 - Hortol\u00e2ndia\/SP Fone: +55 (11) 94858.0681\" \/>\n<meta property=\"og:url\" content=\"https:\/\/keepets.com.br\/en\/contato\/\" \/>\n<meta property=\"og:site_name\" content=\"Keepets\" \/>\n<meta property=\"article:modified_time\" content=\"2021-06-29T00:58:05+00:00\" \/>\n<meta name=\"twitter:card\" content=\"summary_large_image\" \/>\n<meta name=\"twitter:label1\" content=\"Est. reading time\" \/>\n\t<meta name=\"twitter:data1\" content=\"9 minutes\" \/>\n<script type=\"application\/ld+json\" class=\"yoast-schema-graph\">{\"@context\":\"https:\/\/schema.org\",\"@graph\":[{\"@type\":\"WebPage\",\"@id\":\"https:\/\/keepets.com.br\/contato\/\",\"url\":\"https:\/\/keepets.com.br\/contato\/\",\"name\":\"Contato - Keepets\",\"isPartOf\":{\"@id\":\"https:\/\/keepets.com.br\/#website\"},\"datePublished\":\"2020-10-09T20:50:37+00:00\",\"dateModified\":\"2021-06-29T00:58:05+00:00\",\"breadcrumb\":{\"@id\":\"https:\/\/keepets.com.br\/contato\/#breadcrumb\"},\"inLanguage\":\"en-US\",\"potentialAction\":[{\"@type\":\"ReadAction\",\"target\":[\"https:\/\/keepets.com.br\/contato\/\"]}]},{\"@type\":\"BreadcrumbList\",\"@id\":\"https:\/\/keepets.com.br\/contato\/#breadcrumb\",\"itemListElement\":[{\"@type\":\"ListItem\",\"position\":1,\"name\":\"In\u00edcio\",\"item\":\"https:\/\/keepets.com.br\/\"},{\"@type\":\"ListItem\",\"position\":2,\"name\":\"Contato\"}]},{\"@type\":\"WebSite\",\"@id\":\"https:\/\/keepets.com.br\/#website\",\"url\":\"https:\/\/keepets.com.br\/\",\"name\":\"Keepets\",\"description\":\"Roupas p\u00f3s-cir\u00fargicas para pets\",\"potentialAction\":[{\"@type\":\"SearchAction\",\"target\":{\"@type\":\"EntryPoint\",\"urlTemplate\":\"https:\/\/keepets.com.br\/?s={search_term_string}\"},\"query-input\":{\"@type\":\"PropertyValueSpecification\",\"valueRequired\":true,\"valueName\":\"search_term_string\"}}],\"inLanguage\":\"en-US\"}]}<\/script>\n<!-- \/ Yoast SEO plugin. -->","yoast_head_json":{"title":"Contato - Keepets","robots":{"index":"index","follow":"follow","max-snippet":"max-snippet:-1","max-image-preview":"max-image-preview:large","max-video-preview":"max-video-preview:-1"},"canonical":"https:\/\/keepets.com.br\/en\/contato\/","og_locale":"en_US","og_type":"article","og_title":"Contato - Keepets","og_description":"Fale com a KeePetsFale conosco Preencha o formul\u00e1rio, mande um whatsapp ou ligue para a KeePets. Teremos prazer em poder ajudar.\u00a0Telefone e Whatsapp (11) 94858.0681Email contato@keepets.com.br (11) 94858.0681 contato@keepets.com.brVit\u00f3ria R\u00e9gia, n\u00ba 333 - Jd. S\u00e3o Sebasti\u00e3o CEP: 13187-143 - Hortol\u00e2ndia\/SP Fone: +55 (11) 94858.0681","og_url":"https:\/\/keepets.com.br\/en\/contato\/","og_site_name":"Keepets","article_modified_time":"2021-06-29T00:58:05+00:00","twitter_card":"summary_large_image","twitter_misc":{"Est. reading time":"9 minutes"},"schema":{"@context":"https:\/\/schema.org","@graph":[{"@type":"WebPage","@id":"https:\/\/keepets.com.br\/contato\/","url":"https:\/\/keepets.com.br\/contato\/","name":"Contato - Keepets","isPartOf":{"@id":"https:\/\/keepets.com.br\/#website"},"datePublished":"2020-10-09T20:50:37+00:00","dateModified":"2021-06-29T00:58:05+00:00","breadcrumb":{"@id":"https:\/\/keepets.com.br\/contato\/#breadcrumb"},"inLanguage":"en-US","potentialAction":[{"@type":"ReadAction","target":["https:\/\/keepets.com.br\/contato\/"]}]},{"@type":"BreadcrumbList","@id":"https:\/\/keepets.com.br\/contato\/#breadcrumb","itemListElement":[{"@type":"ListItem","position":1,"name":"In\u00edcio","item":"https:\/\/keepets.com.br\/"},{"@type":"ListItem","position":2,"name":"Contato"}]},{"@type":"WebSite","@id":"https:\/\/keepets.com.br\/#website","url":"https:\/\/keepets.com.br\/","name":"Keepets","description":"Roupas p\u00f3s-cir\u00fargicas para pets","potentialAction":[{"@type":"SearchAction","target":{"@type":"EntryPoint","urlTemplate":"https:\/\/keepets.com.br\/?s={search_term_string}"},"query-input":{"@type":"PropertyValueSpecification","valueRequired":true,"valueName":"search_term_string"}}],"inLanguage":"en-US"}]}},"_links":{"self":[{"href":"https:\/\/keepets.com.br\/en\/wp-json\/wp\/v2\/pages\/196","targetHints":{"allow":["GET"]}}],"collection":[{"href":"https:\/\/keepets.com.br\/en\/wp-json\/wp\/v2\/pages"}],"about":[{"href":"https:\/\/keepets.com.br\/en\/wp-json\/wp\/v2\/types\/page"}],"author":[{"embeddable":true,"href":"https:\/\/keepets.com.br\/en\/wp-json\/wp\/v2\/users\/3"}],"replies":[{"embeddable":true,"href":"https:\/\/keepets.com.br\/en\/wp-json\/wp\/v2\/comments?post=196"}],"version-history":[{"count":49,"href":"https:\/\/keepets.com.br\/en\/wp-json\/wp\/v2\/pages\/196\/revisions"}],"predecessor-version":[{"id":2329,"href":"https:\/\/keepets.com.br\/en\/wp-json\/wp\/v2\/pages\/196\/revisions\/2329"}],"wp:attachment":[{"href":"https:\/\/keepets.com.br\/en\/wp-json\/wp\/v2\/media?parent=196"}],"curies":[{"name":"wp","href":"https:\/\/api.w.org\/{rel}","templated":true}]}}